{"id":796,"date":"2024-07-19T20:16:27","date_gmt":"2024-07-19T18:16:27","guid":{"rendered":"https:\/\/lesplatanes.upwe0843.odns.fr\/?page_id=796"},"modified":"2025-04-26T16:32:16","modified_gmt":"2025-04-26T14:32:16","slug":"evenements","status":"publish","type":"page","link":"https:\/\/hotel-restaurant-les-platanes.fr\/?page_id=796","title":{"rendered":"\u00c9v\u00e9nements"},"content":{"rendered":"\t\t<div data-elementor-type=\"wp-page\" data-elementor-id=\"796\" class=\"elementor elementor-796\">\n\t\t\t\t\t\t<section class=\"elementor-section elementor-top-section elementor-element elementor-element-4fb3cac elementor-section-full_width elementor-section-height-default elementor-section-height-default wpr-particle-no wpr-jarallax-no wpr-parallax-no wpr-sticky-section-no\" data-id=\"4fb3cac\" data-element_type=\"section\" data-e-type=\"section\" data-settings=\"{&quot;background_background&quot;:&quot;classic&quot;}\">\n\t\t\t\t\t\t\t<div class=\"elementor-background-overlay\"><\/div>\n\t\t\t\t\t\t\t<div class=\"elementor-container elementor-column-gap-default\">\n\t\t\t\t\t<div class=\"elementor-column elementor-col-100 elementor-top-column elementor-element elementor-element-2370b9f\" data-id=\"2370b9f\" data-element_type=\"column\" data-e-type=\"column\">\n\t\t\t<div class=\"elementor-widget-wrap elementor-element-populated\">\n\t\t\t\t\t\t<div class=\"elementor-element elementor-element-df4e1a1 elementor-widget elementor-widget-spacer\" data-id=\"df4e1a1\" data-element_type=\"widget\" data-e-type=\"widget\" data-widget_type=\"spacer.default\">\n\t\t\t\t<div class=\"elementor-widget-container\">\n\t\t\t\t\t\t\t<div class=\"elementor-spacer\">\n\t\t\t<div class=\"elementor-spacer-inner\"><\/div>\n\t\t<\/div>\n\t\t\t\t\t\t<\/div>\n\t\t\t\t<\/div>\n\t\t\t\t<div class=\"elementor-element elementor-element-9b19e37 elementor-widget elementor-widget-heading\" data-id=\"9b19e37\" data-element_type=\"widget\" data-e-type=\"widget\" data-widget_type=\"heading.default\">\n\t\t\t\t<div class=\"elementor-widget-container\">\n\t\t\t\t\t<h1 class=\"elementor-heading-title elementor-size-default\">Nos \u00e9v\u00e8nements<\/h1>\t\t\t\t<\/div>\n\t\t\t\t<\/div>\n\t\t\t\t<div class=\"elementor-element elementor-element-11daea2 elementor-widget elementor-widget-spacer\" data-id=\"11daea2\" data-element_type=\"widget\" data-e-type=\"widget\" data-widget_type=\"spacer.default\">\n\t\t\t\t<div class=\"elementor-widget-container\">\n\t\t\t\t\t\t\t<div class=\"elementor-spacer\">\n\t\t\t<div class=\"elementor-spacer-inner\"><\/div>\n\t\t<\/div>\n\t\t\t\t\t\t<\/div>\n\t\t\t\t<\/div>\n\t\t\t\t\t<\/div>\n\t\t<\/div>\n\t\t\t\t\t<\/div>\n\t\t<\/section>\n\t\t\t\t<section class=\"elementor-section elementor-top-section elementor-element elementor-element-7fb1183 elementor-section-full_width elementor-section-height-default elementor-section-height-default wpr-particle-no wpr-jarallax-no wpr-parallax-no wpr-sticky-section-no\" data-id=\"7fb1183\" data-element_type=\"section\" data-e-type=\"section\">\n\t\t\t\t\t\t<div class=\"elementor-container elementor-column-gap-default\">\n\t\t\t\t\t<div class=\"elementor-column elementor-col-33 elementor-top-column elementor-element elementor-element-ed3ea76\" data-id=\"ed3ea76\" data-element_type=\"column\" data-e-type=\"column\">\n\t\t\t<div class=\"elementor-widget-wrap\">\n\t\t\t\t\t\t\t<\/div>\n\t\t<\/div>\n\t\t\t\t<div class=\"elementor-column elementor-col-33 elementor-top-column elementor-element elementor-element-451d183\" data-id=\"451d183\" data-element_type=\"column\" data-e-type=\"column\">\n\t\t\t<div class=\"elementor-widget-wrap elementor-element-populated\">\n\t\t\t\t\t\t<div class=\"elementor-element elementor-element-c6b32b7 elementor-widget elementor-widget-the-events-calendar-addon\" data-id=\"c6b32b7\" data-element_type=\"widget\" data-e-type=\"widget\" data-widget_type=\"the-events-calendar-addon.default\">\n\t\t\t\t<div class=\"elementor-widget-container\">\n\t\t\t\t\t<!=========Events list Template 1.7.3=========><div id=\"ectbe-wrapper-c6b32b7\" class=\"ectbe-wrapper ectbe-list-wrapper style-2\"><div class=\"ectbe-month-header ectbe-simple-event\">octobre 2025<\/div><div id=\"event-2077\" class=\"ectbe-inner-wrapper ectbe-simple-event\"><div id=\"ectbe-date\" class=\"ectbe-date-area\">\n\t\t\t\t\t\t<span class=\"ectbe-ev-mo\">Oct<\/span>\n\t\t\t\t\t\t<span class=\"ectbe-ev-day\">31<\/span>\n\t\t\t\t\t<\/div><div class=\"ectbe-content-box\"><div class=\"ectbe-date-area\">\n                                <span class=\"ectbe-ev-day\">31<\/span>\n                                <span class=\"ectbe-ev-mo\">octobre<\/span>\n                                <span class=\"ectbe-ev-yr\">2025<\/span>\n                                <\/div><div class=\"ectbe-evt-title\"><a class=\"ectbe-evt-url\" href=\"https:\/\/hotel-restaurant-les-platanes.fr\/?tribe_events=halloween-party\">Halloween Party<\/a><\/div><div class=\"ectbe-evt-description\"><p>Soir\u00e9e ambiance halloween R\u00e9servation pour la restauration par t\u00e9l\u00e9phone 04 66 57 00 16<\/p>\n<\/div><div class=\"ectbe-evt-more-box\"><a class=\"ectbe-evt-read-more\" href=\"https:\/\/hotel-restaurant-les-platanes.fr\/?tribe_events=halloween-party\">Find out more<\/a><\/div><\/div><div class=\"ectbe-evt-img\"><img decoding=\"async\" src=\"https:\/\/hotel-restaurant-les-platanes.fr\/wp-content\/uploads\/2025\/10\/IMG_20251012_211503.jpg\" alt=\"\" \/><\/div><\/div><\/div><style type=\"text\/css\">.elementor-796 .elementor-element.elementor-element-c6b32b7 .ectbe-list-wrapper{--e-ectbe-date-area-background:#63C760;}.elementor-796 .elementor-element.elementor-element-c6b32b7 .ectbe-list-wrapper{--e-ectbe-date-area-color:#60C762;}.elementor-796 .elementor-element.elementor-element-c6b32b7 .ectbe-list-wrapper{--e-ectbe-evt-read-more-color:#FFFFFF;}.elementor-796 .elementor-element.elementor-element-c6b32b7 .ectbe-list-wrapper.style-1 .ectbe-date-area{}.elementor-796 .elementor-element.elementor-element-c6b32b7 .ectbe-content-box .ectbe-date-area span{}.elementor-796 .elementor-element.elementor-element-c6b32b7 .ectbe-minimal-list-wrapper .ectbe-evt-time {}<\/style>\t\t\t\t<\/div>\n\t\t\t\t<\/div>\n\t\t\t\t\t<\/div>\n\t\t<\/div>\n\t\t\t\t<div class=\"elementor-column elementor-col-33 elementor-top-column elementor-element elementor-element-a553d8f\" data-id=\"a553d8f\" data-element_type=\"column\" data-e-type=\"column\">\n\t\t\t<div class=\"elementor-widget-wrap\">\n\t\t\t\t\t\t\t<\/div>\n\t\t<\/div>\n\t\t\t\t\t<\/div>\n\t\t<\/section>\n\t\t\t\t<section class=\"elementor-section elementor-top-section elementor-element elementor-element-b0ed68b elementor-section-full_width elementor-section-height-default elementor-section-height-default wpr-particle-no wpr-jarallax-no wpr-parallax-no wpr-sticky-section-no\" data-id=\"b0ed68b\" data-element_type=\"section\" data-e-type=\"section\" data-settings=\"{&quot;background_background&quot;:&quot;classic&quot;}\">\n\t\t\t\t\t\t\t<div class=\"elementor-background-overlay\"><\/div>\n\t\t\t\t\t\t\t<div class=\"elementor-container elementor-column-gap-default\">\n\t\t\t\t\t<div class=\"elementor-column elementor-col-100 elementor-top-column elementor-element elementor-element-8970939\" data-id=\"8970939\" data-element_type=\"column\" data-e-type=\"column\">\n\t\t\t<div class=\"elementor-widget-wrap elementor-element-populated\">\n\t\t\t\t\t\t<div class=\"elementor-element elementor-element-c9f231e elementor-widget elementor-widget-spacer\" data-id=\"c9f231e\" data-element_type=\"widget\" data-e-type=\"widget\" data-widget_type=\"spacer.default\">\n\t\t\t\t<div class=\"elementor-widget-container\">\n\t\t\t\t\t\t\t<div class=\"elementor-spacer\">\n\t\t\t<div class=\"elementor-spacer-inner\"><\/div>\n\t\t<\/div>\n\t\t\t\t\t\t<\/div>\n\t\t\t\t<\/div>\n\t\t\t\t<div class=\"elementor-element elementor-element-36ba8f5 elementor-widget elementor-widget-spacer\" data-id=\"36ba8f5\" data-element_type=\"widget\" data-e-type=\"widget\" data-widget_type=\"spacer.default\">\n\t\t\t\t<div class=\"elementor-widget-container\">\n\t\t\t\t\t\t\t<div class=\"elementor-spacer\">\n\t\t\t<div class=\"elementor-spacer-inner\"><\/div>\n\t\t<\/div>\n\t\t\t\t\t\t<\/div>\n\t\t\t\t<\/div>\n\t\t\t\t<div class=\"elementor-element elementor-element-0165aa3 elementor-widget elementor-widget-spacer\" data-id=\"0165aa3\" data-element_type=\"widget\" data-e-type=\"widget\" data-widget_type=\"spacer.default\">\n\t\t\t\t<div class=\"elementor-widget-container\">\n\t\t\t\t\t\t\t<div class=\"elementor-spacer\">\n\t\t\t<div class=\"elementor-spacer-inner\"><\/div>\n\t\t<\/div>\n\t\t\t\t\t\t<\/div>\n\t\t\t\t<\/div>\n\t\t\t\t\t<\/div>\n\t\t<\/div>\n\t\t\t\t\t<\/div>\n\t\t<\/section>\n\t\t\t\t<\/div>\n\t\t","protected":false},"excerpt":{"rendered":"<p>Nos \u00e9v\u00e8nements juillet 2023 Juil 28 28 juillet 2023 Les Vendredis des Platanes Soir\u00e9e Pop Rock par Fab &amp; Co R\u00e9servation au 04.66.57.00.16 Voir les d\u00e9tails &raquo; Juil 21 21 juillet 2023 Les Vendredis des Platanes Soir\u00e9e Pur Rock par Windshaker R\u00e9servation au 04.66.57.00.16 Voir les d\u00e9tails &raquo; Juil 07 07 juillet 2023 Les Vendredis des Platanes Orange Trio R\u00e9servation au 04.66.57.00.16 Voir les d\u00e9tails &raquo;juin 2023 Juin 23 23 juin 2023 Les Vendredis des Platanes Soir\u00e9e Pop Rock par Electrik Covers R\u00e9servation au 04.66.57.00.16 Voir les d\u00e9tails &raquo; Juin 09 09 juin 2023 Les Vendredis des Platanes Soir\u00e9e ann\u00e9es 80 par Animasud DISCO R\u00e9servation au 04.66.57.00.16 Voir les d\u00e9tails &raquo;mai 2023 Mai 26 26 mai 2023 Karaoke Party Karaoke Party R\u00e9servation au 04.66.57.00.16 Voir les d\u00e9tails &raquo; Mai 12 12 mai 2023 Soir\u00e9e Kitsch and Grill On inaugure l&rsquo;espace grillades sur la terrasse avec DJ Bruno Animasud DISCO R\u00e9servation au 04.66.57.00.16 Voir les d\u00e9tails &raquo;f\u00e9vrier 2022 F\u00e9v 25 25 f\u00e9vrier 2022 soir\u00e8e ann\u00e8e 80 au platanes soir\u00e8e ann\u00e8e 80 avec dj bruno Voir les d\u00e9tails &raquo;novembre 2021 Nov 18 18 novembre 2021 soir\u00e8e ann\u00e8e 80 La cave de Montfrin sera pr\u00e9sente ce jeudi 18 Novembre 2021 \u00e0 partir de 19h00, pour la d\u00e9gustation du primeur 2021. Voir les d\u00e9tails &raquo;<\/p>\n","protected":false},"author":1,"featured_media":0,"parent":0,"menu_order":0,"comment_status":"closed","ping_status":"closed","template":"elementor_header_footer","meta":{"_monsterinsights_skip_tracking":false,"_monsterinsights_sitenote_active":false,"_monsterinsights_sitenote_note":"","_monsterinsights_sitenote_category":0,"footnotes":""},"class_list":["post-796","page","type-page","status-publish","hentry","entry"],"_links":{"self":[{"href":"https:\/\/hotel-restaurant-les-platanes.fr\/index.php?rest_route=\/wp\/v2\/pages\/796","targetHints":{"allow":["GET"]}}],"collection":[{"href":"https:\/\/hotel-restaurant-les-platanes.fr\/index.php?rest_route=\/wp\/v2\/pages"}],"about":[{"href":"https:\/\/hotel-restaurant-les-platanes.fr\/index.php?rest_route=\/wp\/v2\/types\/page"}],"author":[{"embeddable":true,"href":"https:\/\/hotel-restaurant-les-platanes.fr\/index.php?rest_route=\/wp\/v2\/users\/1"}],"replies":[{"embeddable":true,"href":"https:\/\/hotel-restaurant-les-platanes.fr\/index.php?rest_route=%2Fwp%2Fv2%2Fcomments&post=796"}],"version-history":[{"count":57,"href":"https:\/\/hotel-restaurant-les-platanes.fr\/index.php?rest_route=\/wp\/v2\/pages\/796\/revisions"}],"predecessor-version":[{"id":1792,"href":"https:\/\/hotel-restaurant-les-platanes.fr\/index.php?rest_route=\/wp\/v2\/pages\/796\/revisions\/1792"}],"wp:attachment":[{"href":"https:\/\/hotel-restaurant-les-platanes.fr\/index.php?rest_route=%2Fwp%2Fv2%2Fmedia&parent=796"}],"curies":[{"name":"wp","href":"https:\/\/api.w.org\/{rel}","templated":true}]}}